{"id":76,"date":"2025-05-11T14:28:23","date_gmt":"2025-05-11T14:28:23","guid":{"rendered":"https:\/\/www.tc-biere.ch\/?page_id=76"},"modified":"2026-04-06T12:06:27","modified_gmt":"2026-04-06T12:06:27","slug":"reservation","status":"publish","type":"page","link":"https:\/\/www.tc-biere.ch\/index.php\/reservation\/","title":{"rendered":"R\u00e9servation"},"content":{"rendered":"\n<h2 class=\"wp-block-heading\" id=\"title\">R\u00e9server un terrain<\/h2>\n\n\n\n<p><img loading=\"lazy\" decoding=\"async\" width=\"150\" height=\"100\" class=\"wp-image-439\" style=\"width: 150px;\" src=\"https:\/\/www.tc-biere.ch\/wp-content\/uploads\/2026\/04\/book-court-icon.png\" alt=\"\" srcset=\"https:\/\/www.tc-biere.ch\/wp-content\/uploads\/2026\/04\/book-court-icon.png 1536w, https:\/\/www.tc-biere.ch\/wp-content\/uploads\/2026\/04\/book-court-icon-300x200.png 300w, https:\/\/www.tc-biere.ch\/wp-content\/uploads\/2026\/04\/book-court-icon-1024x683.png 1024w, https:\/\/www.tc-biere.ch\/wp-content\/uploads\/2026\/04\/book-court-icon-768x512.png 768w, https:\/\/www.tc-biere.ch\/wp-content\/uploads\/2026\/04\/book-court-icon-360x240.png 360w\" sizes=\"auto, (max-width: 150px) 100vw, 150px\" \/><\/p>\n\n\n\n<p>Notre syst\u00e8me de r\u00e9servation de terrains : <a href=\"http:\/\/www.ballejaune.com\/tcbiere\" target=\"_blank\" rel=\"noreferrer noopener\"><strong>http:\/\/www.ballejaune.com\/tcbiere<\/strong><\/a>\u00a0<\/p>\n\n\n\n<p>Vous recevrez toutes les infomations concernant ce syst\u00e8me de r\u00e9servation (cr\u00e9ation de compte notamment) une fois membre de notre club.<\/p>\n\n\n\n<p><\/p>\n","protected":false},"excerpt":{"rendered":"<p>R\u00e9server un terrain Notre syst\u00e8me de r\u00e9servation de terrains : http:\/\/www.ballejaune.com\/tcbiere\u00a0 Vous recevrez toutes les infomations concernant ce syst\u00e8me de r\u00e9servation (cr\u00e9ation de compte notamment) une fois membre de notre club.<\/p>\n","protected":false},"author":1,"featured_media":37,"parent":0,"menu_order":0,"comment_status":"closed","ping_status":"closed","template":"","meta":{"footnotes":""},"class_list":["post-76","page","type-page","status-publish","has-post-thumbnail","hentry"],"_links":{"self":[{"href":"https:\/\/www.tc-biere.ch\/index.php\/wp-json\/wp\/v2\/pages\/76","targetHints":{"allow":["GET"]}}],"collection":[{"href":"https:\/\/www.tc-biere.ch\/index.php\/wp-json\/wp\/v2\/pages"}],"about":[{"href":"https:\/\/www.tc-biere.ch\/index.php\/wp-json\/wp\/v2\/types\/page"}],"author":[{"embeddable":true,"href":"https:\/\/www.tc-biere.ch\/index.php\/wp-json\/wp\/v2\/users\/1"}],"replies":[{"embeddable":true,"href":"https:\/\/www.tc-biere.ch\/index.php\/wp-json\/wp\/v2\/comments?post=76"}],"version-history":[{"count":16,"href":"https:\/\/www.tc-biere.ch\/index.php\/wp-json\/wp\/v2\/pages\/76\/revisions"}],"predecessor-version":[{"id":453,"href":"https:\/\/www.tc-biere.ch\/index.php\/wp-json\/wp\/v2\/pages\/76\/revisions\/453"}],"wp:featuredmedia":[{"embeddable":true,"href":"https:\/\/www.tc-biere.ch\/index.php\/wp-json\/wp\/v2\/media\/37"}],"wp:attachment":[{"href":"https:\/\/www.tc-biere.ch\/index.php\/wp-json\/wp\/v2\/media?parent=76"}],"curies":[{"name":"wp","href":"https:\/\/api.w.org\/{rel}","templated":true}]}}