{"id":219,"date":"2026-03-07T11:09:08","date_gmt":"2026-03-07T11:09:08","guid":{"rendered":"https:\/\/www.tc-biere.ch\/?page_id=219"},"modified":"2026-04-06T12:01:28","modified_gmt":"2026-04-06T12:01:28","slug":"cours-junior","status":"publish","type":"page","link":"https:\/\/www.tc-biere.ch\/index.php\/cours-junior\/","title":{"rendered":"Cours Juniors"},"content":{"rendered":"\n<h2 class=\"wp-block-heading\">Nos cours juniors<\/h2>\n\n\n\n<p><img loading=\"lazy\" decoding=\"async\" width=\"150\" height=\"100\" class=\"wp-image-441\" style=\"width: 150px;\" src=\"https:\/\/www.tc-biere.ch\/wp-content\/uploads\/2026\/04\/junior-icon.png\" alt=\"\" srcset=\"https:\/\/www.tc-biere.ch\/wp-content\/uploads\/2026\/04\/junior-icon.png 1536w, https:\/\/www.tc-biere.ch\/wp-content\/uploads\/2026\/04\/junior-icon-300x200.png 300w, https:\/\/www.tc-biere.ch\/wp-content\/uploads\/2026\/04\/junior-icon-1024x683.png 1024w, https:\/\/www.tc-biere.ch\/wp-content\/uploads\/2026\/04\/junior-icon-768x512.png 768w, https:\/\/www.tc-biere.ch\/wp-content\/uploads\/2026\/04\/junior-icon-360x240.png 360w\" sizes=\"auto, (max-width: 150px) 100vw, 150px\" \/><\/p>\n\n\n\n<p>Chaque ann\u00e9e, c\u2019est plus de 100 heures de cours qui sont dispens\u00e9es \u00e0 nos jeunes par <strong>nos moniteurs dipl\u00f4m\u00e9s<\/strong>.<\/p>\n\n\n\n<p>En leur permettant de suivre ces cours, le Club leur offre la possibilit\u00e9 de d\u00e9velopper leurs qualit\u00e9s physiques et leur sens du jeu dans un cadre agr\u00e9able et convivial. <strong>Nos moniteurs accueillent les enfants d\u00e8s 5-6 ans, par groupe de 4 \u00e0 5 \u00e9l\u00e8ves<\/strong>.<\/p>\n\n\n\n<p>Les cours ont lieu toute l\u2019ann\u00e9e durant les p\u00e9riodes scolaires: en \u00e9t\u00e9, sur nos terrains \u00abAu Chanoz\u00bb.<\/p>\n\n\n\n<p>Il est possible <strong>d\u2019int\u00e9grer un groupe en cours de saison et d\u2019essayer une ou deux le\u00e7ons sans engagement<\/strong> pour les d\u00e9butants qui ne connaissent pas encore ce sport. Le Club met \u00e0 disposition du mat\u00e9riel \u00e0 cet effet.<\/p>\n\n\n\n<p><strong>Vous souhaitez inscrire votre enfant \u00e0 nos cours ?<\/strong> C\u2019est tr\u00e8s simple. Il vous suffit d\u2019imprimer et de nous retourner le&nbsp;<a href=\"https:\/\/www.tc-biere.ch\/wp-content\/uploads\/2026\/04\/TCB_Inscription_Cours_Junior.pdf\" data-type=\"link\" data-id=\"https:\/\/www.tc-biere.ch\/wp-content\/uploads\/2026\/04\/TCB_Inscription_Cours_Junior.pdf\" target=\"_blank\" rel=\"noreferrer noopener\">formule d\u2019inscription<\/a>.<\/p>\n\n\n\n<p>Vous pouvez bien s\u00fbr aussi appeler notre&nbsp;<strong>responsable juniors Florent Schlaepfer<\/strong>&nbsp;au&nbsp;<strong>079 957 87 22<\/strong>&nbsp;et c\u2019est avec plaisir qu\u2019il vous renseignera.<\/p>\n\n\n\n<p><\/p>\n","protected":false},"excerpt":{"rendered":"<p>Nos cours juniors Chaque ann\u00e9e, c\u2019est plus de 100 heures de cours qui sont dispens\u00e9es \u00e0 nos jeunes par nos moniteurs dipl\u00f4m\u00e9s. En leur permettant de suivre ces cours, le Club leur offre la possibilit\u00e9 de d\u00e9velopper leurs qualit\u00e9s physiques et leur sens du jeu dans un cadre agr\u00e9able et [&hellip;]<\/p>\n","protected":false},"author":1,"featured_media":37,"parent":0,"menu_order":0,"comment_status":"closed","ping_status":"closed","template":"","meta":{"footnotes":""},"class_list":["post-219","page","type-page","status-publish","has-post-thumbnail","hentry"],"_links":{"self":[{"href":"https:\/\/www.tc-biere.ch\/index.php\/wp-json\/wp\/v2\/pages\/219","targetHints":{"allow":["GET"]}}],"collection":[{"href":"https:\/\/www.tc-biere.ch\/index.php\/wp-json\/wp\/v2\/pages"}],"about":[{"href":"https:\/\/www.tc-biere.ch\/index.php\/wp-json\/wp\/v2\/types\/page"}],"author":[{"embeddable":true,"href":"https:\/\/www.tc-biere.ch\/index.php\/wp-json\/wp\/v2\/users\/1"}],"replies":[{"embeddable":true,"href":"https:\/\/www.tc-biere.ch\/index.php\/wp-json\/wp\/v2\/comments?post=219"}],"version-history":[{"count":17,"href":"https:\/\/www.tc-biere.ch\/index.php\/wp-json\/wp\/v2\/pages\/219\/revisions"}],"predecessor-version":[{"id":448,"href":"https:\/\/www.tc-biere.ch\/index.php\/wp-json\/wp\/v2\/pages\/219\/revisions\/448"}],"wp:featuredmedia":[{"embeddable":true,"href":"https:\/\/www.tc-biere.ch\/index.php\/wp-json\/wp\/v2\/media\/37"}],"wp:attachment":[{"href":"https:\/\/www.tc-biere.ch\/index.php\/wp-json\/wp\/v2\/media?parent=219"}],"curies":[{"name":"wp","href":"https:\/\/api.w.org\/{rel}","templated":true}]}}