{"id":14,"date":"2025-05-10T23:55:47","date_gmt":"2025-05-10T23:55:47","guid":{"rendered":"https:\/\/www.tc-biere.ch\/?page_id=14"},"modified":"2026-04-06T11:05:33","modified_gmt":"2026-04-06T11:05:33","slug":"home","status":"publish","type":"page","link":"https:\/\/www.tc-biere.ch\/","title":{"rendered":"Main"},"content":{"rendered":"\n<div class=\"wp-block-cover alignfull is-light hestia-clear-top-padding\"><span aria-hidden=\"true\" class=\"wp-block-cover__background has-white-background-color has-background-dim-100 has-background-dim\"><\/span><div class=\"wp-block-cover__inner-container is-layout-flow wp-block-cover-is-layout-flow\">\n<h2 class=\"wp-block-heading has-text-align-center has-text-color\" style=\"color:#3c4858\">L&#8217;essentiel<\/h2>\n\n\n\n<div style=\"height:40px\" aria-hidden=\"true\" class=\"wp-block-spacer\"><\/div>\n\n\n\n<div class=\"wp-block-columns container is-layout-flex wp-container-core-columns-is-layout-28f84493 wp-block-columns-is-layout-flex\">\n<div class=\"wp-block-column is-layout-flow wp-block-column-is-layout-flow\">\n<h5 class=\"wp-block-heading has-text-align-center has-text-color\" style=\"color:#3c4858;font-size:18px\"><img loading=\"lazy\" decoding=\"async\" width=\"140\" height=\"112\" class=\"wp-image-181\" style=\"width: 140px;\" src=\"https:\/\/www.tc-biere.ch\/wp-content\/uploads\/2026\/03\/inscription-club-icon.png\" alt=\"\"><br>Devenir membre<\/h5>\n\n\n\n<p class=\"has-text-align-center has-text-color\" style=\"color:#999999;font-size:14px\"><a href=\"https:\/\/www.tc-biere.ch\/wp-content\/uploads\/2026\/04\/TCB_Inscription_Membre.pdf\" data-type=\"link\" data-id=\"https:\/\/www.tc-biere.ch\/wp-content\/uploads\/2026\/04\/TCB_Inscription_Membre.pdf\" target=\"_blank\" rel=\"noreferrer noopener\">TCB_Inscription_Membre.pdf<\/a><br>Formulaire d&#8217;inscription \u00e0 retourner \u00e0 info@tcb-biere.ch<\/p>\n\n\n\n<div style=\"height:24px\" aria-hidden=\"true\" class=\"wp-block-spacer\"><\/div>\n<\/div>\n\n\n\n<div class=\"wp-block-column is-layout-flow wp-block-column-is-layout-flow\">\n<h5 class=\"wp-block-heading has-text-align-center has-text-color\" style=\"color:#3c4858;font-size:18px\"><img loading=\"lazy\" decoding=\"async\" width=\"150\" height=\"112\" class=\"wp-image-184\" style=\"width: 150px;\" src=\"https:\/\/www.tc-biere.ch\/wp-content\/uploads\/2026\/03\/cours-junior-icon.png\" alt=\"\"><br>Cours junior<\/h5>\n\n\n\n<p class=\"has-text-align-center has-text-color\" style=\"color:#999999;font-size:14px\"><a href=\"https:\/\/www.tc-biere.ch\/wp-content\/uploads\/2026\/04\/TCB_Inscription_Cours_Junior.pdf\" target=\"_blank\" rel=\"noreferrer noopener\">TCB_Inscription_Cours_Junior.pdf<\/a> <br>Formulaire d&#8217;inscription \u00e0 retourner \u00e0 info@tcb-biere.ch<\/p>\n\n\n\n<div style=\"height:25px\" aria-hidden=\"true\" class=\"wp-block-spacer\"><\/div>\n<\/div>\n\n\n\n<div class=\"wp-block-column is-layout-flow wp-block-column-is-layout-flow\">\n<h5 class=\"wp-block-heading has-text-align-center has-text-color\" style=\"color:#3c4858;font-size:18px\"><img loading=\"lazy\" decoding=\"async\" width=\"160\" height=\"114\" class=\"wp-image-249\" style=\"width: 160px;\" src=\"https:\/\/www.tc-biere.ch\/wp-content\/uploads\/2026\/03\/reserver-terrain-icon.jpg\" alt=\"\"><br>R\u00e9server un terrain<\/h5>\n\n\n\n<p class=\"has-text-align-center has-text-color\" style=\"color:#999999;font-size:14px\"><a href=\"http:\\\\www.ballejaune.com\\tcbiere\">http:\/\/www.ballejaune.com\/tcbiere<\/a><br>R\u00e9servez votre terrain et partez jouer !<\/p>\n\n\n\n<div style=\"height:25px\" aria-hidden=\"true\" class=\"wp-block-spacer\"><\/div>\n<\/div>\n<\/div>\n\n\n\n<div style=\"height:40px\" aria-hidden=\"true\" class=\"wp-block-spacer\"><\/div>\n<\/div><\/div>\n\n\n\n<div class=\"wp-block-columns container is-layout-flex wp-container-core-columns-is-layout-28f84493 wp-block-columns-is-layout-flex\">\n<div class=\"wp-block-column col-md-5 is-layout-flow wp-block-column-is-layout-flow\">\n<div style=\"height:55px\" aria-hidden=\"true\" class=\"wp-block-spacer\"><\/div>\n\n\n\n<h2 class=\"wp-block-heading\">Notre Club<\/h2>\n\n\n\n<p>Le Tennis-Club de Bi\u00e8re a \u00e9t\u00e9 fond\u00e9 en 1978.<\/p>\n\n\n\n<p>Il compte actuellement une&nbsp;centaine de membres.<\/p>\n\n\n\n<p>Le Club est \u00e9quip\u00e9 de deux courts en terre battue synth\u00e9tique\u00a0et propose des<strong>\u00a0<\/strong>cours pour les juniors.<\/p>\n\n\n\n<p>Chaque ann\u00e9e, nous organisons durant l\u2019\u00e9t\u00e9 un&nbsp;tournoi interne f\u00e9minin et masculin.<\/p>\n\n\n\n<p>Nous organisons \u00e9galement notre traditionnelle&nbsp;nuit du tennis&nbsp;\u00e0 la fin de l\u2019\u00e9t\u00e9, afin de c\u00e9l\u00e9brer le tennis et l\u2019amiti\u00e9.<\/p>\n\n\n\n<p>Des questions ? <a href=\"info@tc-biere.ch\" data-type=\"link\" data-id=\"info@tc-biere.ch\">info@tc-biere.ch<\/a><\/p>\n<\/div>\n<\/div>\n\n\n\n<p><\/p>\n","protected":false},"excerpt":{"rendered":"<p>Notre Club Le Tennis-Club de Bi\u00e8re a \u00e9t\u00e9 fond\u00e9 en 1978. Il compte actuellement une&nbsp;centaine de membres. Le Club est \u00e9quip\u00e9 de deux courts en terre battue synth\u00e9tique\u00a0et propose des\u00a0cours pour les juniors. Chaque ann\u00e9e, nous organisons durant l\u2019\u00e9t\u00e9 un&nbsp;tournoi interne f\u00e9minin et masculin. Nous organisons \u00e9galement notre traditionnelle&nbsp;nuit du [&hellip;]<\/p>\n","protected":false},"author":1,"featured_media":375,"parent":0,"menu_order":0,"comment_status":"closed","ping_status":"closed","template":"","meta":{"footnotes":""},"class_list":["post-14","page","type-page","status-publish","has-post-thumbnail","hentry"],"_links":{"self":[{"href":"https:\/\/www.tc-biere.ch\/index.php\/wp-json\/wp\/v2\/pages\/14","targetHints":{"allow":["GET"]}}],"collection":[{"href":"https:\/\/www.tc-biere.ch\/index.php\/wp-json\/wp\/v2\/pages"}],"about":[{"href":"https:\/\/www.tc-biere.ch\/index.php\/wp-json\/wp\/v2\/types\/page"}],"author":[{"embeddable":true,"href":"https:\/\/www.tc-biere.ch\/index.php\/wp-json\/wp\/v2\/users\/1"}],"replies":[{"embeddable":true,"href":"https:\/\/www.tc-biere.ch\/index.php\/wp-json\/wp\/v2\/comments?post=14"}],"version-history":[{"count":41,"href":"https:\/\/www.tc-biere.ch\/index.php\/wp-json\/wp\/v2\/pages\/14\/revisions"}],"predecessor-version":[{"id":430,"href":"https:\/\/www.tc-biere.ch\/index.php\/wp-json\/wp\/v2\/pages\/14\/revisions\/430"}],"wp:featuredmedia":[{"embeddable":true,"href":"https:\/\/www.tc-biere.ch\/index.php\/wp-json\/wp\/v2\/media\/375"}],"wp:attachment":[{"href":"https:\/\/www.tc-biere.ch\/index.php\/wp-json\/wp\/v2\/media?parent=14"}],"curies":[{"name":"wp","href":"https:\/\/api.w.org\/{rel}","templated":true}]}}