{"id":138,"date":"2025-05-12T18:35:59","date_gmt":"2025-05-12T18:35:59","guid":{"rendered":"https:\/\/www.tc-biere.ch\/?page_id=138"},"modified":"2026-04-06T11:58:12","modified_gmt":"2026-04-06T11:58:12","slug":"devenir-membre","status":"publish","type":"page","link":"https:\/\/www.tc-biere.ch\/index.php\/devenir-membre\/","title":{"rendered":"Devenir membre"},"content":{"rendered":"\n<h2 class=\"wp-block-heading\">Devenir membre<\/h2>\n\n\n\n<p><img loading=\"lazy\" decoding=\"async\" width=\"150\" height=\"100\" class=\"wp-image-443\" style=\"width: 150px;\" src=\"https:\/\/www.tc-biere.ch\/wp-content\/uploads\/2026\/04\/signup-icon.png\" alt=\"\" srcset=\"https:\/\/www.tc-biere.ch\/wp-content\/uploads\/2026\/04\/signup-icon.png 640w, https:\/\/www.tc-biere.ch\/wp-content\/uploads\/2026\/04\/signup-icon-300x200.png 300w, https:\/\/www.tc-biere.ch\/wp-content\/uploads\/2026\/04\/signup-icon-360x240.png 360w\" sizes=\"auto, (max-width: 150px) 100vw, 150px\" \/><\/p>\n\n\n\n<p>Vous souhaitez devenir un membre de notre club ? <\/p>\n\n\n\n<p>C\u2019est tr\u00e8s simple.<\/p>\n\n\n\n<p>Il vous suffit de t\u00e9l\u00e9charger notre <a href=\"https:\/\/www.tc-biere.ch\/wp-content\/uploads\/2026\/04\/TCB_Inscription_Membre.pdf\" data-type=\"link\" data-id=\"https:\/\/www.tc-biere.ch\/wp-content\/uploads\/2026\/04\/TCB_Devenir_Membre.pdf\" target=\"_blank\" rel=\"noreferrer noopener\">formulaire d&#8217;inscription<\/a>, de le remplir et de nous le retourner.<\/p>\n\n\n\n<p>Vous souhaitez inscrire votre enfant \u00e0 nos cours junior ? <a href=\"https:\/\/www.tc-biere.ch\/index.php\/cours-junior\/\" data-type=\"page\" data-id=\"219\">Cours Juniors<\/a><\/p>\n\n\n\n<p>Des questions ? <a href=\"info@tc-biere.ch\" data-type=\"link\" data-id=\"info@tc-biere.ch\">info@tc-biere.ch<\/a><br><\/p>\n\n\n\n<p><\/p>\n\n\n\n<p><\/p>\n\n\n\n<p><\/p>\n","protected":false},"excerpt":{"rendered":"<p>Devenir membre Vous souhaitez devenir un membre de notre club ? C\u2019est tr\u00e8s simple. Il vous suffit de t\u00e9l\u00e9charger notre formulaire d&#8217;inscription, de le remplir et de nous le retourner. Vous souhaitez inscrire votre enfant \u00e0 nos cours junior ? Cours Juniors Des questions ? info@tc-biere.ch<\/p>\n","protected":false},"author":1,"featured_media":37,"parent":0,"menu_order":0,"comment_status":"closed","ping_status":"closed","template":"","meta":{"footnotes":""},"class_list":["post-138","page","type-page","status-publish","has-post-thumbnail","hentry"],"_links":{"self":[{"href":"https:\/\/www.tc-biere.ch\/index.php\/wp-json\/wp\/v2\/pages\/138","targetHints":{"allow":["GET"]}}],"collection":[{"href":"https:\/\/www.tc-biere.ch\/index.php\/wp-json\/wp\/v2\/pages"}],"about":[{"href":"https:\/\/www.tc-biere.ch\/index.php\/wp-json\/wp\/v2\/types\/page"}],"author":[{"embeddable":true,"href":"https:\/\/www.tc-biere.ch\/index.php\/wp-json\/wp\/v2\/users\/1"}],"replies":[{"embeddable":true,"href":"https:\/\/www.tc-biere.ch\/index.php\/wp-json\/wp\/v2\/comments?post=138"}],"version-history":[{"count":15,"href":"https:\/\/www.tc-biere.ch\/index.php\/wp-json\/wp\/v2\/pages\/138\/revisions"}],"predecessor-version":[{"id":445,"href":"https:\/\/www.tc-biere.ch\/index.php\/wp-json\/wp\/v2\/pages\/138\/revisions\/445"}],"wp:featuredmedia":[{"embeddable":true,"href":"https:\/\/www.tc-biere.ch\/index.php\/wp-json\/wp\/v2\/media\/37"}],"wp:attachment":[{"href":"https:\/\/www.tc-biere.ch\/index.php\/wp-json\/wp\/v2\/media?parent=138"}],"curies":[{"name":"wp","href":"https:\/\/api.w.org\/{rel}","templated":true}]}}