{"id":113,"date":"2025-05-11T18:36:06","date_gmt":"2025-05-11T18:36:06","guid":{"rendered":"https:\/\/www.tc-biere.ch\/?page_id=113"},"modified":"2026-04-06T10:52:10","modified_gmt":"2026-04-06T10:52:10","slug":"le-club","status":"publish","type":"page","link":"https:\/\/www.tc-biere.ch\/index.php\/le-club\/","title":{"rendered":"Notre Club"},"content":{"rendered":"\n<h2 class=\"wp-block-heading\"><\/h2>\n\n\n\n<figure class=\"wp-block-image size-full is-resized\"><img loading=\"lazy\" decoding=\"async\" width=\"794\" height=\"562\" src=\"https:\/\/www.tc-biere.ch\/wp-content\/uploads\/2025\/05\/new-logo.png\" alt=\"\" class=\"wp-image-46\" style=\"width:365px;height:auto\"\/><\/figure>\n\n\n\n<p>Le Tennis-Club de Bi\u00e8re a \u00e9t\u00e9 fond\u00e9 en 1978.<\/p>\n\n\n\n<p>Il compte actuellement une centaine de membres.<\/p>\n\n\n\n<p>Le Club est \u00e9quip\u00e9 de deux courts en terre battue synth\u00e9tique et propose des cours pour les juniors.<\/p>\n\n\n\n<p>Chaque ann\u00e9e, nous organisons durant l&#8217;\u00e9t\u00e9 un tournoi interne f\u00e9minin et masculin.<\/p>\n\n\n\n<p>Nous organisons \u00e9galement notre traditionnelle nuit du tennis \u00e0 la fin de l&#8217;\u00e9t\u00e9, afin de c\u00e9l\u00e9brer le tennis et l&#8217;amiti\u00e9.<\/p>\n\n\n\n<p>Vous souhaitez devenir membre ? <a href=\"https:\/\/www.tc-biere.ch\/index.php\/devenir-membre\/\" data-type=\"page\" data-id=\"138\">Devenir membre<\/a><\/p>\n\n\n\n<p>Vous souhaitez inscrire votre enfant \u00e0 nos cours junior ? <a href=\"https:\/\/www.tc-biere.ch\/index.php\/cours-junior\/\" data-type=\"page\" data-id=\"219\">Cours Juniors<\/a><\/p>\n\n\n\n<p>Des questions ? <a href=\"info@tc-biere.ch\" data-type=\"link\" data-id=\"info@tc-biere.ch\">info@tc-biere.ch<\/a><\/p>\n","protected":false},"excerpt":{"rendered":"<p>Le Tennis-Club de Bi\u00e8re a \u00e9t\u00e9 fond\u00e9 en 1978. Il compte actuellement une centaine de membres. Le Club est \u00e9quip\u00e9 de deux courts en terre battue synth\u00e9tique et propose des cours pour les juniors. Chaque ann\u00e9e, nous organisons durant l&#8217;\u00e9t\u00e9 un tournoi interne f\u00e9minin et masculin. Nous organisons \u00e9galement notre [&hellip;]<\/p>\n","protected":false},"author":1,"featured_media":37,"parent":0,"menu_order":0,"comment_status":"closed","ping_status":"closed","template":"","meta":{"footnotes":""},"class_list":["post-113","page","type-page","status-publish","has-post-thumbnail","hentry"],"_links":{"self":[{"href":"https:\/\/www.tc-biere.ch\/index.php\/wp-json\/wp\/v2\/pages\/113","targetHints":{"allow":["GET"]}}],"collection":[{"href":"https:\/\/www.tc-biere.ch\/index.php\/wp-json\/wp\/v2\/pages"}],"about":[{"href":"https:\/\/www.tc-biere.ch\/index.php\/wp-json\/wp\/v2\/types\/page"}],"author":[{"embeddable":true,"href":"https:\/\/www.tc-biere.ch\/index.php\/wp-json\/wp\/v2\/users\/1"}],"replies":[{"embeddable":true,"href":"https:\/\/www.tc-biere.ch\/index.php\/wp-json\/wp\/v2\/comments?post=113"}],"version-history":[{"count":23,"href":"https:\/\/www.tc-biere.ch\/index.php\/wp-json\/wp\/v2\/pages\/113\/revisions"}],"predecessor-version":[{"id":426,"href":"https:\/\/www.tc-biere.ch\/index.php\/wp-json\/wp\/v2\/pages\/113\/revisions\/426"}],"wp:featuredmedia":[{"embeddable":true,"href":"https:\/\/www.tc-biere.ch\/index.php\/wp-json\/wp\/v2\/media\/37"}],"wp:attachment":[{"href":"https:\/\/www.tc-biere.ch\/index.php\/wp-json\/wp\/v2\/media?parent=113"}],"curies":[{"name":"wp","href":"https:\/\/api.w.org\/{rel}","templated":true}]}}